{"id":4668,"date":"2024-04-11T18:15:13","date_gmt":"2024-04-11T10:15:13","guid":{"rendered":"https:\/\/bo-qi.com\/?page_id=4668"},"modified":"2024-12-28T14:17:19","modified_gmt":"2024-12-28T06:17:19","slug":"thank-you","status":"publish","type":"page","link":"https:\/\/bo-qi.com\/es\/thank-you\/","title":{"rendered":"Thank You"},"content":{"rendered":"<div data-elementor-type=\"wp-page\" data-elementor-id=\"4668\" class=\"elementor elementor-4668\" data-elementor-post-type=\"page\">\n\t\t\t\t\t\t<section class=\"elementor-section elementor-top-section elementor-element elementor-element-072ad87 elementor-section-boxed elementor-section-height-default elementor-section-height-default\" data-id=\"072ad87\" data-element_type=\"section\">\n\t\t\t\t\t\t<div class=\"elementor-container elementor-column-gap-default\">\n\t\t\t\t\t<div class=\"elementor-column elementor-col-100 elementor-top-column elementor-element elementor-element-e58fba4\" data-id=\"e58fba4\" data-element_type=\"column\">\n\t\t\t<div class=\"elementor-widget-wrap elementor-element-populated\">\n\t\t\t\t\t\t<div class=\"elementor-element elementor-element-33af2fa elementor-widget elementor-widget-heading\" data-id=\"33af2fa\" data-element_type=\"widget\" data-widget_type=\"heading.default\">\n\t\t\t\t<div class=\"elementor-widget-container\">\n\t\t\t\t\t<h1 class=\"elementor-heading-title elementor-size-default\">You're all set!<\/h1>\t\t\t\t<\/div>\n\t\t\t\t<\/div>\n\t\t\t\t<div class=\"elementor-element elementor-element-6b2e177 elementor-widget elementor-widget-text-editor\" data-id=\"6b2e177\" data-element_type=\"widget\" data-widget_type=\"text-editor.default\">\n\t\t\t\t<div class=\"elementor-widget-container\">\n\t\t\t\t\t\t\t\t\t<p>You have just successfully emailed us and hope that we will be good partners in the future for a win-win situation.<\/p><p>Nos pondremos en contacto con usted en el plazo de 1 d\u00eda laborable, por favor, preste atenci\u00f3n al correo electr\u00f3nico con el sufijo <strong>&#8220;<\/strong><strong>@bo-qi.com&#8221;<\/strong>.\u00a0<\/p><p>If technical assistance is required, our product specialists will take up to 24 hours to prepare and will not be able to respond in a timely manner.<\/p>\t\t\t\t\t\t\t\t<\/div>\n\t\t\t\t<\/div>\n\t\t\t\t\t<\/div>\n\t\t<\/div>\n\t\t\t\t\t<\/div>\n\t\t<\/section>\n\t\t\t\t<section class=\"elementor-section elementor-top-section elementor-element elementor-element-5bcc105 elementor-section-boxed elementor-section-height-default elementor-section-height-default\" data-id=\"5bcc105\" data-element_type=\"section\">\n\t\t\t\t\t\t<div class=\"elementor-container elementor-column-gap-default\">\n\t\t\t\t\t<div class=\"elementor-column elementor-col-100 elementor-top-column elementor-element elementor-element-1c8aab0\" data-id=\"1c8aab0\" data-element_type=\"column\">\n\t\t\t<div class=\"elementor-widget-wrap elementor-element-populated\">\n\t\t\t\t\t\t<div class=\"elementor-element elementor-element-4b05061 elementor-widget elementor-widget-heading\" data-id=\"4b05061\" data-element_type=\"widget\" data-widget_type=\"heading.default\">\n\t\t\t\t<div class=\"elementor-widget-container\">\n\t\t\t\t\t<h2 class=\"elementor-heading-title elementor-size-default\">Contact with Whatsapp\/Wechat Now!<\/h2>\t\t\t\t<\/div>\n\t\t\t\t<\/div>\n\t\t\t\t<section class=\"elementor-section elementor-inner-section elementor-element elementor-element-5551760 elementor-section-boxed elementor-section-height-default elementor-section-height-default\" data-id=\"5551760\" data-element_type=\"section\">\n\t\t\t\t\t\t<div class=\"elementor-container elementor-column-gap-default\">\n\t\t\t\t\t<div class=\"elementor-column elementor-col-50 elementor-inner-column elementor-element elementor-element-b350f75\" data-id=\"b350f75\" data-element_type=\"column\">\n\t\t\t<div class=\"elementor-widget-wrap elementor-element-populated\">\n\t\t\t\t\t\t<div class=\"elementor-element elementor-element-87e688c elementor-widget elementor-widget-heading\" data-id=\"87e688c\" data-element_type=\"widget\" data-widget_type=\"heading.default\">\n\t\t\t\t<div class=\"elementor-widget-container\">\n\t\t\t\t\t<h3 class=\"elementor-heading-title elementor-size-default\">Whatsapp<\/h3>\t\t\t\t<\/div>\n\t\t\t\t<\/div>\n\t\t\t\t<div class=\"elementor-element elementor-element-4c9dbef elementor-widget elementor-widget-image\" data-id=\"4c9dbef\" data-element_type=\"widget\" data-widget_type=\"image.default\">\n\t\t\t\t<div class=\"elementor-widget-container\">\n\t\t\t\t\t\t\t\t\t\t\t\t\t\t\t<img fetchpriority=\"high\" decoding=\"async\" width=\"300\" height=\"300\" src=\"https:\/\/bo-qi.com\/wp-content\/uploads\/2023\/10\/whatsapp-300x300-1-300x300.jpg\" class=\"attachment-medium size-medium wp-image-356\" alt=\"\" srcset=\"https:\/\/bo-qi.com\/wp-content\/uploads\/2023\/10\/whatsapp-300x300-1-300x300.jpg 300w, https:\/\/bo-qi.com\/wp-content\/uploads\/2023\/10\/whatsapp-300x300-1-150x150.jpg 150w, https:\/\/bo-qi.com\/wp-content\/uploads\/2023\/10\/whatsapp-300x300-1-100x100.jpg 100w, https:\/\/bo-qi.com\/wp-content\/uploads\/2023\/10\/whatsapp-300x300-1.jpg 511w\" sizes=\"(max-width: 300px) 100vw, 300px\" \/>\t\t\t\t\t\t\t\t\t\t\t\t\t\t\t<\/div>\n\t\t\t\t<\/div>\n\t\t\t\t\t<\/div>\n\t\t<\/div>\n\t\t\t\t<div class=\"elementor-column elementor-col-50 elementor-inner-column elementor-element elementor-element-998fa2a\" data-id=\"998fa2a\" data-element_type=\"column\">\n\t\t\t<div class=\"elementor-widget-wrap elementor-element-populated\">\n\t\t\t\t\t\t<div class=\"elementor-element elementor-element-cb35163 elementor-widget elementor-widget-heading\" data-id=\"cb35163\" data-element_type=\"widget\" data-widget_type=\"heading.default\">\n\t\t\t\t<div class=\"elementor-widget-container\">\n\t\t\t\t\t<h3 class=\"elementor-heading-title elementor-size-default\">Wechat<\/h3>\t\t\t\t<\/div>\n\t\t\t\t<\/div>\n\t\t\t\t<div class=\"elementor-element elementor-element-f1d4934 elementor-widget elementor-widget-image\" data-id=\"f1d4934\" data-element_type=\"widget\" data-widget_type=\"image.default\">\n\t\t\t\t<div class=\"elementor-widget-container\">\n\t\t\t\t\t\t\t\t\t\t\t\t\t\t\t<img decoding=\"async\" width=\"300\" height=\"300\" src=\"https:\/\/bo-qi.com\/wp-content\/uploads\/2023\/10\/Wechat-300x300-1-300x300.jpg\" class=\"attachment-medium size-medium wp-image-357\" alt=\"\" srcset=\"https:\/\/bo-qi.com\/wp-content\/uploads\/2023\/10\/Wechat-300x300-1-300x300.jpg 300w, https:\/\/bo-qi.com\/wp-content\/uploads\/2023\/10\/Wechat-300x300-1-150x150.jpg 150w, https:\/\/bo-qi.com\/wp-content\/uploads\/2023\/10\/Wechat-300x300-1-768x768.jpg 768w, https:\/\/bo-qi.com\/wp-content\/uploads\/2023\/10\/Wechat-300x300-1-600x600.jpg 600w, https:\/\/bo-qi.com\/wp-content\/uploads\/2023\/10\/Wechat-300x300-1-100x100.jpg 100w, https:\/\/bo-qi.com\/wp-content\/uploads\/2023\/10\/Wechat-300x300-1.jpg 779w\" sizes=\"(max-width: 300px) 100vw, 300px\" \/>\t\t\t\t\t\t\t\t\t\t\t\t\t\t\t<\/div>\n\t\t\t\t<\/div>\n\t\t\t\t\t<\/div>\n\t\t<\/div>\n\t\t\t\t\t<\/div>\n\t\t<\/section>\n\t\t\t\t\t<\/div>\n\t\t<\/div>\n\t\t\t\t\t<\/div>\n\t\t<\/section>\n\t\t\t\t<section class=\"elementor-section elementor-top-section elementor-element elementor-element-881a2ef elementor-section-boxed elementor-section-height-default elementor-section-height-default\" data-id=\"881a2ef\" data-element_type=\"section\">\n\t\t\t\t\t\t<div class=\"elementor-container elementor-column-gap-default\">\n\t\t\t\t\t<div class=\"elementor-column elementor-col-100 elementor-top-column elementor-element elementor-element-f10549c\" data-id=\"f10549c\" data-element_type=\"column\">\n\t\t\t<div class=\"elementor-widget-wrap elementor-element-populated\">\n\t\t\t\t\t\t<div class=\"elementor-element elementor-element-40e7fc7 elementor-widget elementor-widget-heading\" data-id=\"40e7fc7\" data-element_type=\"widget\" data-widget_type=\"heading.default\">\n\t\t\t\t<div class=\"elementor-widget-container\">\n\t\t\t\t\t<h2 class=\"elementor-heading-title elementor-size-default\">You can download our catalogs here at any time.<\/h2>\t\t\t\t<\/div>\n\t\t\t\t<\/div>\n\t\t\t\t<section class=\"elementor-section elementor-inner-section elementor-element elementor-element-79802d9 elementor-section-boxed elementor-section-height-default elementor-section-height-default\" data-id=\"79802d9\" data-element_type=\"section\">\n\t\t\t\t\t\t<div class=\"elementor-container elementor-column-gap-default\">\n\t\t\t\t\t<div class=\"elementor-column elementor-col-50 elementor-inner-column elementor-element elementor-element-0926bc6\" data-id=\"0926bc6\" data-element_type=\"column\">\n\t\t\t<div class=\"elementor-widget-wrap elementor-element-populated\">\n\t\t\t\t\t\t<div class=\"elementor-element elementor-element-b825e79 elementor-widget elementor-widget-image\" data-id=\"b825e79\" data-element_type=\"widget\" data-widget_type=\"image.default\">\n\t\t\t\t<div class=\"elementor-widget-container\">\n\t\t\t\t\t\t\t\t\t\t\t\t\t\t\t<img decoding=\"async\" width=\"1900\" height=\"1933\" src=\"https:\/\/bo-qi.com\/wp-content\/uploads\/2024\/08\/catalog-Cover-01.png\" class=\"attachment-full size-full wp-image-4904\" alt=\"catalog cover 01\" srcset=\"https:\/\/bo-qi.com\/wp-content\/uploads\/2024\/08\/catalog-Cover-01.png 1900w, https:\/\/bo-qi.com\/wp-content\/uploads\/2024\/08\/catalog-Cover-01-295x300.png 295w, https:\/\/bo-qi.com\/wp-content\/uploads\/2024\/08\/catalog-Cover-01-1007x1024.png 1007w, https:\/\/bo-qi.com\/wp-content\/uploads\/2024\/08\/catalog-Cover-01-768x781.png 768w, https:\/\/bo-qi.com\/wp-content\/uploads\/2024\/08\/catalog-Cover-01-1510x1536.png 1510w, https:\/\/bo-qi.com\/wp-content\/uploads\/2024\/08\/catalog-Cover-01-12x12.png 12w\" sizes=\"(max-width: 1900px) 100vw, 1900px\" \/>\t\t\t\t\t\t\t\t\t\t\t\t\t\t\t<\/div>\n\t\t\t\t<\/div>\n\t\t\t\t<div class=\"elementor-element elementor-element-29b6173 elementor-widget elementor-widget-heading\" data-id=\"29b6173\" data-element_type=\"widget\" data-widget_type=\"heading.default\">\n\t\t\t\t<div class=\"elementor-widget-container\">\n\t\t\t\t\t<h4 class=\"elementor-heading-title elementor-size-default\">LED Drivers &amp; Dimmers Catalog<\/h4>\t\t\t\t<\/div>\n\t\t\t\t<\/div>\n\t\t\t\t<div class=\"elementor-element elementor-element-8756b82 elementor-tablet-align-left elementor-mobile-align-center elementor-align-center elementor-widget elementor-widget-button\" data-id=\"8756b82\" data-element_type=\"widget\" data-widget_type=\"button.default\">\n\t\t\t\t<div class=\"elementor-widget-container\">\n\t\t\t\t\t\t\t\t\t<div class=\"elementor-button-wrapper\">\n\t\t\t\t\t<a class=\"elementor-button elementor-button-link elementor-size-md\" href=\"https:\/\/bo-qi.com\/wp-content\/uploads\/2024\/08\/boqi-Dimmable-LED-Drivers-and-Dimmers-2024.pdf\" target=\"_blank\">\n\t\t\t\t\t\t<span class=\"elementor-button-content-wrapper\">\n\t\t\t\t\t\t<span class=\"elementor-button-icon\">\n\t\t\t\t<svg aria-hidden=\"true\" class=\"e-font-icon-svg e-fas-file-pdf\" viewbox=\"0 0 384 512\" xmlns=\"http:\/\/www.w3.org\/2000\/svg\"><path d=\"M181.9 256.1c-5-16-4.9-46.9-2-46.9 8.4 0 7.6 36.9 2 46.9zm-1.7 47.2c-7.7 20.2-17.3 43.3-28.4 62.7 18.3-7 39-17.2 62.9-21.9-12.7-9.6-24.9-23.4-34.5-40.8zM86.1 428.1c0 .8 13.2-5.4 34.9-40.2-6.7 6.3-29.1 24.5-34.9 40.2zM248 160h136v328c0 13.3-10.7 24-24 24H24c-13.3 0-24-10.7-24-24V24C0 10.7 10.7 0 24 0h200v136c0 13.2 10.8 24 24 24zm-8 171.8c-20-12.2-33.3-29-42.7-53.8 4.5-18.5 11.6-46.6 6.2-64.2-4.7-29.4-42.4-26.5-47.8-6.8-5 18.3-.4 44.1 8.1 77-11.6 27.6-28.7 64.6-40.8 85.8-.1 0-.1.1-.2.1-27.1 13.9-73.6 44.5-54.5 68 5.6 6.9 16 10 21.5 10 17.9 0 35.7-18 61.1-61.8 25.8-8.5 54.1-19.1 79-23.2 21.7 11.8 47.1 19.5 64 19.5 29.2 0 31.2-32 19.7-43.4-13.9-13.6-54.3-9.7-73.6-7.2zM377 105L279 7c-4.5-4.5-10.6-7-17-7h-6v128h128v-6.1c0-6.3-2.5-12.4-7-16.9zm-74.1 255.3c4.1-2.7-2.5-11.9-42.8-9 37.1 15.8 42.8 9 42.8 9z\"><\/path><\/svg>\t\t\t<\/span>\n\t\t\t\t\t\t\t\t\t<span class=\"elementor-button-text\">Download Now<\/span>\n\t\t\t\t\t<\/span>\n\t\t\t\t\t<\/a>\n\t\t\t\t<\/div>\n\t\t\t\t\t\t\t\t<\/div>\n\t\t\t\t<\/div>\n\t\t\t\t\t<\/div>\n\t\t<\/div>\n\t\t\t\t<div class=\"elementor-column elementor-col-50 elementor-inner-column elementor-element elementor-element-b330683\" data-id=\"b330683\" data-element_type=\"column\">\n\t\t\t<div class=\"elementor-widget-wrap elementor-element-populated\">\n\t\t\t\t\t\t<div class=\"elementor-element elementor-element-9f05d55 elementor-widget elementor-widget-image\" data-id=\"9f05d55\" data-element_type=\"widget\" data-widget_type=\"image.default\">\n\t\t\t\t<div class=\"elementor-widget-container\">\n\t\t\t\t\t\t\t\t\t\t\t\t\t\t\t<img loading=\"lazy\" decoding=\"async\" width=\"1900\" height=\"1933\" src=\"https:\/\/bo-qi.com\/wp-content\/uploads\/2024\/08\/catalog-Cover-02.png\" class=\"attachment-full size-full wp-image-4905\" alt=\"catalog cover 02\" srcset=\"https:\/\/bo-qi.com\/wp-content\/uploads\/2024\/08\/catalog-Cover-02.png 1900w, https:\/\/bo-qi.com\/wp-content\/uploads\/2024\/08\/catalog-Cover-02-295x300.png 295w, https:\/\/bo-qi.com\/wp-content\/uploads\/2024\/08\/catalog-Cover-02-1007x1024.png 1007w, https:\/\/bo-qi.com\/wp-content\/uploads\/2024\/08\/catalog-Cover-02-768x781.png 768w, https:\/\/bo-qi.com\/wp-content\/uploads\/2024\/08\/catalog-Cover-02-1510x1536.png 1510w, https:\/\/bo-qi.com\/wp-content\/uploads\/2024\/08\/catalog-Cover-02-12x12.png 12w\" sizes=\"(max-width: 1900px) 100vw, 1900px\" \/>\t\t\t\t\t\t\t\t\t\t\t\t\t\t\t<\/div>\n\t\t\t\t<\/div>\n\t\t\t\t<div class=\"elementor-element elementor-element-4bce0ac elementor-widget elementor-widget-heading\" data-id=\"4bce0ac\" data-element_type=\"widget\" data-widget_type=\"heading.default\">\n\t\t\t\t<div class=\"elementor-widget-container\">\n\t\t\t\t\t<h4 class=\"elementor-heading-title elementor-size-default\">Cat\u00e1logo de controladores de iluminaci\u00f3n LED<\/h4>\t\t\t\t<\/div>\n\t\t\t\t<\/div>\n\t\t\t\t<div class=\"elementor-element elementor-element-2c59b1f elementor-tablet-align-left elementor-mobile-align-center elementor-align-center elementor-widget elementor-widget-button\" data-id=\"2c59b1f\" data-element_type=\"widget\" data-widget_type=\"button.default\">\n\t\t\t\t<div class=\"elementor-widget-container\">\n\t\t\t\t\t\t\t\t\t<div class=\"elementor-button-wrapper\">\n\t\t\t\t\t<a class=\"elementor-button elementor-button-link elementor-size-md\" href=\"https:\/\/bo-qi.com\/wp-content\/uploads\/2024\/08\/boqi-LED-Controller-Catalog-2024.pdf\" target=\"_blank\">\n\t\t\t\t\t\t<span class=\"elementor-button-content-wrapper\">\n\t\t\t\t\t\t<span class=\"elementor-button-icon\">\n\t\t\t\t<svg aria-hidden=\"true\" class=\"e-font-icon-svg e-fas-file-pdf\" viewbox=\"0 0 384 512\" xmlns=\"http:\/\/www.w3.org\/2000\/svg\"><path d=\"M181.9 256.1c-5-16-4.9-46.9-2-46.9 8.4 0 7.6 36.9 2 46.9zm-1.7 47.2c-7.7 20.2-17.3 43.3-28.4 62.7 18.3-7 39-17.2 62.9-21.9-12.7-9.6-24.9-23.4-34.5-40.8zM86.1 428.1c0 .8 13.2-5.4 34.9-40.2-6.7 6.3-29.1 24.5-34.9 40.2zM248 160h136v328c0 13.3-10.7 24-24 24H24c-13.3 0-24-10.7-24-24V24C0 10.7 10.7 0 24 0h200v136c0 13.2 10.8 24 24 24zm-8 171.8c-20-12.2-33.3-29-42.7-53.8 4.5-18.5 11.6-46.6 6.2-64.2-4.7-29.4-42.4-26.5-47.8-6.8-5 18.3-.4 44.1 8.1 77-11.6 27.6-28.7 64.6-40.8 85.8-.1 0-.1.1-.2.1-27.1 13.9-73.6 44.5-54.5 68 5.6 6.9 16 10 21.5 10 17.9 0 35.7-18 61.1-61.8 25.8-8.5 54.1-19.1 79-23.2 21.7 11.8 47.1 19.5 64 19.5 29.2 0 31.2-32 19.7-43.4-13.9-13.6-54.3-9.7-73.6-7.2zM377 105L279 7c-4.5-4.5-10.6-7-17-7h-6v128h128v-6.1c0-6.3-2.5-12.4-7-16.9zm-74.1 255.3c4.1-2.7-2.5-11.9-42.8-9 37.1 15.8 42.8 9 42.8 9z\"><\/path><\/svg>\t\t\t<\/span>\n\t\t\t\t\t\t\t\t\t<span class=\"elementor-button-text\">Download Now<\/span>\n\t\t\t\t\t<\/span>\n\t\t\t\t\t<\/a>\n\t\t\t\t<\/div>\n\t\t\t\t\t\t\t\t<\/div>\n\t\t\t\t<\/div>\n\t\t\t\t\t<\/div>\n\t\t<\/div>\n\t\t\t\t\t<\/div>\n\t\t<\/section>\n\t\t\t\t\t<\/div>\n\t\t<\/div>\n\t\t\t\t\t<\/div>\n\t\t<\/section>\n\t\t\t\t<\/div>","protected":false},"excerpt":{"rendered":"<p>You&#8217;re all set! You have just successfully emailed us and hope that we will be good partners in the future for a win-win situation. We will contact you within 1 working day, please pay attention to the email with the suffix &#8220;@bo-qi.com&#8221;.\u00a0 If technical assistance is required, our product specialists will take up to 24 [&hellip;]<\/p>","protected":false},"author":1,"featured_media":0,"parent":0,"menu_order":0,"comment_status":"closed","ping_status":"closed","template":"","meta":{"_seopress_robots_primary_cat":"","_seopress_titles_title":"","_seopress_titles_desc":"","_seopress_robots_index":"yes","footnotes":""},"class_list":["post-4668","page","type-page","status-publish"],"_links":{"self":[{"href":"https:\/\/bo-qi.com\/es\/wp-json\/wp\/v2\/pages\/4668","targetHints":{"allow":["GET"]}}],"collection":[{"href":"https:\/\/bo-qi.com\/es\/wp-json\/wp\/v2\/pages"}],"about":[{"href":"https:\/\/bo-qi.com\/es\/wp-json\/wp\/v2\/types\/page"}],"author":[{"embeddable":true,"href":"https:\/\/bo-qi.com\/es\/wp-json\/wp\/v2\/users\/1"}],"replies":[{"embeddable":true,"href":"https:\/\/bo-qi.com\/es\/wp-json\/wp\/v2\/comments?post=4668"}],"version-history":[{"count":0,"href":"https:\/\/bo-qi.com\/es\/wp-json\/wp\/v2\/pages\/4668\/revisions"}],"wp:attachment":[{"href":"https:\/\/bo-qi.com\/es\/wp-json\/wp\/v2\/media?parent=4668"}],"curies":[{"name":"wp","href":"https:\/\/api.w.org\/{rel}","templated":true}]}}